{"id":1121,"date":"2021-09-09T14:49:24","date_gmt":"2021-09-09T14:49:24","guid":{"rendered":"http:\/\/hotelorri.it\/umgebung\/"},"modified":"2021-09-13T07:43:27","modified_gmt":"2021-09-13T07:43:27","slug":"umgebung","status":"publish","type":"page","link":"https:\/\/hotelorri.it\/de\/umgebung\/","title":{"rendered":"Umgebung"},"content":{"rendered":"<section class=\"l-section wpb_row height_auto with_img parallax_ver with_shape\"><div class=\"l-section-img\" style=\"background-image: url(https:\/\/hotelorri.it\/wp-content\/uploads\/2021\/07\/hotel-orri-ogliastra-itinerari.jpeg);background-repeat: no-repeat;\" data-img-width=\"1200\" data-img-height=\"800\"><\/div><div class=\"l-section-shape type_triangle-2 pos_bottom\" style=\"color:var(--color-content-bg);\"><svg xmlns=\"http:\/\/www.w3.org\/2000\/svg\" viewBox=\"0 0 64 8\" preserveAspectRatio=\"none\" width=\"100%\" height=\"100%\">\r\n\t<path fill=\"currentColor\" d=\"M64 8 L0 8 L0 0 L48 7.9 L64 0 Z\"\/>\r\n<\/svg><\/div><div class=\"l-section-h i-cf\"><div class=\"g-cols vc_row type_default valign_top\"><div class=\"vc_col-sm-12 wpb_column vc_column_container\"><div class=\"vc_column-inner\"><div class=\"wpb_wrapper\"><div class=\"ult-spacer spacer-69deb3a93050d\" data-id=\"69deb3a93050d\" data-height=\"350\" data-height-mobile=\"350\" data-height-tab=\"350\" data-height-tab-portrait=\"\" data-height-mobile-landscape=\"\" style=\"clear:both;display:block;\"><\/div><\/div><\/div><\/div><\/div><\/div><\/section><section class=\"l-section wpb_row height_small\"><div class=\"l-section-h i-cf\"><div class=\"g-cols vc_row type_default valign_top\"><div class=\"vc_col-sm-3 wpb_column vc_column_container\"><div class=\"vc_column-inner\"><div class=\"wpb_wrapper\"><\/div><\/div><\/div><div class=\"vc_col-sm-6 wpb_column vc_column_container\"><div class=\"vc_column-inner\"><div class=\"wpb_wrapper\"><div class=\"ult-spacer spacer-69deb3a930a56\" data-id=\"69deb3a930a56\" data-height=\"50\" data-height-mobile=\"20\" data-height-tab=\"30\" data-height-tab-portrait=\"30\" data-height-mobile-landscape=\"40\" style=\"clear:both;display:block;\"><\/div><div id=\"ultv-8357\" class=\"ult-dual-color ult-adjust-bottom-margin ult-dual-color-responsive-none ultv-8357  \"><div class=\"ult-module-content ult-dual-color-heading\" style=\"text-align:center;\">\r\n\t\t\t\t\t\t<h1><span class=\"ult-before-heading\">\r\n\t\t\t\t\t\t\t\t\t<span class=\"ult-dual-heading-text ult-first-text ult-responsive\"  data-ultimate-target='.ult-dual-color.ultv-8357 .ult-dual-heading-text'  data-responsive-json-new='{\"font-size\":\"\",\"line-height\":\"\"}'  style=\"color:#036067;     border:none; font-weight:bold;\">Reiserouten in Ogliastra<\/span>\r\n\t\t\t\t\t\t\t\t<\/span><span class=\"ult-adv-heading\" style=\"\">\r\n\t\t\t\t\t\t\t\t\t<span class=\"ult-dual-adv-heading-text ult-highlight-text ult-responsive\"  data-ultimate-target='.ult-dual-color.ultv-8357 .ult-highlight-text'  data-responsive-json-new='{\"font-size\":\"\",\"line-height\":\"\"}'  style=\"color:#333333;     border:none; font-weight:normal;\">ein Gebiet zum Entdecken<\/span>\r\n\t\t\t\t\t\t\t\t<\/span><\/h1> <\/div><\/div><div class=\"ult-spacer spacer-69deb3a930b52\" data-id=\"69deb3a930b52\" data-height=\"0\" data-height-mobile=\"35\" data-height-tab=\"30\" data-height-tab-portrait=\"30\" data-height-mobile-landscape=\"35\" style=\"clear:both;display:block;\"><\/div><div class=\"w-separator us_custom_7fb764ae size_small has_text_color with_line width_30 thick_2 style_solid color_secondary align_center with_content\"><div class=\"w-separator-h\"><i class=\"fas fa-sun\"><\/i><\/div><\/div><div class=\"ult-spacer spacer-69deb3a931018\" data-id=\"69deb3a931018\" data-height=\"0\" data-height-mobile=\"5\" data-height-tab=\"30\" data-height-tab-portrait=\"30\" data-height-mobile-landscape=\"5\" style=\"clear:both;display:block;\"><\/div><\/div><\/div><\/div><div class=\"vc_col-sm-3 wpb_column vc_column_container\"><div class=\"vc_column-inner\"><div class=\"wpb_wrapper\"><\/div><\/div><\/div><div class=\"vc_col-sm-12 wpb_column vc_column_container\"><div class=\"vc_column-inner\"><div class=\"wpb_wrapper\"><div class=\"wpb_text_column\" ><div class=\"wpb_wrapper\"><p style=\"text-align: center;\">Die Einzigartigkeit der Lage des Orr\u00ec Hotels liegt an der M\u00f6glichkeit in wenigen Minuten sowohl das <strong>Meer<\/strong> als auch das <strong>Inland<\/strong> zu erreichen. Perfekt f\u00fcr diejenigen die einen erholsamen Strandurlaub verbringen m\u00f6chten oder auch f\u00fcr diejenigen die die Entdeckung des Inlands und der einheimischen Traditionen bevorzugen.<\/p>\n<\/div><\/div><div class=\"ult-spacer spacer-69deb3a931404\" data-id=\"69deb3a931404\" data-height=\"20\" data-height-mobile=\"20\" data-height-tab=\"20\" data-height-tab-portrait=\"20\" data-height-mobile-landscape=\"20\" style=\"clear:both;display:block;\"><\/div><div class=\"w-btn-wrapper width_auto align_center\"><a class=\"w-btn us-btn-style_2\" target=\"_blank\" href=\"\/wp-content\/uploads\/2021\/09\/HOTEL_ORRI_COVID_2021_1.pdf\" rel=\"noopener\"><span class=\"w-btn-label\">INFO COVID<\/span><\/a><\/div><div class=\"ult-spacer spacer-69deb3a9316c0\" data-id=\"69deb3a9316c0\" data-height=\"40\" data-height-mobile=\"20\" data-height-tab=\"20\" data-height-tab-portrait=\"20\" data-height-mobile-landscape=\"20\" style=\"clear:both;display:block;\"><\/div><\/div><\/div><\/div><\/div><\/div><\/section><section class=\"l-section wpb_row us_custom_c70c97eb height_medium\"><div class=\"l-section-h i-cf\"><div class=\"g-cols vc_row type_default valign_top\"><div class=\"vc_col-sm-12 wpb_column vc_column_container\"><div class=\"vc_column-inner\"><div class=\"wpb_wrapper\"><div class=\"ult-spacer spacer-69deb3a931a37\" data-id=\"69deb3a931a37\" data-height=\"\" data-height-mobile=\"20\" data-height-tab=\"\" data-height-tab-portrait=\"\" data-height-mobile-landscape=\"20\" style=\"clear:both;display:block;\"><\/div><div class=\"wpb_text_column us_custom_492179a4\" ><div class=\"wpb_wrapper\"><h3 class=\"com-typo__lead-subtitle com-typo__lead-subtitle--small\" style=\"text-align: center;\">Entdecken Sie unsere Reiserouten<\/h3>\n<\/div><\/div><div class=\"ult-spacer spacer-69deb3a931c2f\" data-id=\"69deb3a931c2f\" data-height=\"40\" data-height-mobile=\"20\" data-height-tab=\"20\" data-height-tab-portrait=\"20\" data-height-mobile-landscape=\"20\" style=\"clear:both;display:block;\"><\/div><div class=\"w-grid type_grid layout_756 cols_4\" id=\"us_grid_1\" data-filterable=\"true\"><style id=\"us_grid_1_css\">#us_grid_1 .w-grid-item{padding:1.0rem}#us_grid_1 .w-grid-list{margin:-1.0rem}.w-grid + #us_grid_1 .w-grid-list{margin-top:1.0rem}@media (max-width:1199px){#us_grid_1 .w-grid-item{width:33.3333%}}@media (max-width:899px){#us_grid_1 .w-grid-item{width:50.0000%}}@media (max-width:599px){#us_grid_1 .w-grid-list{margin:0}#us_grid_1 .w-grid-item{width:100.0000%;padding:0;margin-bottom:1.0rem}}<\/style><style>.layout_756 .w-grid-item-h{}.layout_756 .usg_vwrapper_1{transition-duration:0.3s;transform-origin:50% 50%;transform:scale(1) translate(0%,0%)}.layout_756 .w-grid-item-h:hover .usg_vwrapper_1{transform:scale(1) translate(0%,0%);opacity:1;background:#fcfcfa!important}.layout_756 .usg_post_image_1{transition-duration:0.3s;transform-origin:50% 50%;transform:scale(1) translate(0%,0%)}.layout_756 .w-grid-item-h:hover .usg_post_image_1{transform:scale(1) translate(0%,-10%);opacity:1;background:var(--color-content-bg-alt)!important}.layout_756 .usg_vwrapper_2{transition-duration:0.3s;transform-origin:50% 50%;transform:scale(1) translate(0%,0%)}.layout_756 .w-grid-item-h:hover .usg_vwrapper_2{transform:scale(1) translate(0%,-18%);opacity:1}.layout_756 .usg_vwrapper_1{background:var(--color-header-middle-bg)!important}.layout_756 .usg_post_title_1{color:var(--color-content-link)!important}.layout_756 .usg_vwrapper_2{margin-top:15px!important;margin-bottom:15px!important}.layout_756 .usg_btn_1{text-transform:uppercase!important}.layout_756 .usg_hwrapper_1{color:var(--color-content-faded)!important;padding-bottom:10PX!important}<\/style><div class=\"w-grid-list\" >\t<article class=\"w-grid-item size_1x1 post-1189 post type-post status-publish format-standard has-post-thumbnail hentry category-routen\" data-id=\"1189\">\r\n\t\t<div class=\"w-grid-item-h\">\r\n\t\t\t\t\t\t<div class=\"w-vwrapper usg_vwrapper_1 align_center valign_middle\"><div class=\"w-post-elm post_image usg_post_image_1 has_ratio\"><div style=\"padding-bottom:75.0000%\"><\/div><a href=\"https:\/\/hotelorri.it\/de\/archaeologische-seiten\/\" aria-label=\"Arch\u00e4ologische Seiten\"><img width=\"1024\" height=\"683\" src=\"https:\/\/hotelorri.it\/wp-content\/uploads\/2021\/07\/hotel-orri-ogliastra-siti-archeologici-4-1024x683.jpeg\" class=\"attachment-large size-large wp-post-image\" alt=\"\" loading=\"lazy\" srcset=\"https:\/\/hotelorri.it\/wp-content\/uploads\/2021\/07\/hotel-orri-ogliastra-siti-archeologici-4-1024x683.jpeg 1024w, https:\/\/hotelorri.it\/wp-content\/uploads\/2021\/07\/hotel-orri-ogliastra-siti-archeologici-4-300x200.jpeg 300w, https:\/\/hotelorri.it\/wp-content\/uploads\/2021\/07\/hotel-orri-ogliastra-siti-archeologici-4-180x120.jpeg 180w, https:\/\/hotelorri.it\/wp-content\/uploads\/2021\/07\/hotel-orri-ogliastra-siti-archeologici-4-220x147.jpeg 220w, https:\/\/hotelorri.it\/wp-content\/uploads\/2021\/07\/hotel-orri-ogliastra-siti-archeologici-4-600x400.jpeg 600w, https:\/\/hotelorri.it\/wp-content\/uploads\/2021\/07\/hotel-orri-ogliastra-siti-archeologici-4.jpeg 1200w\" sizes=\"(max-width: 1024px) 100vw, 1024px\" \/><\/a><\/div><div class=\"w-vwrapper usg_vwrapper_2 align_center valign_middle\"><h6 class=\"w-post-elm post_title usg_post_title_1 align_center entry-title color_link_inherit has_text_color\"><a href=\"https:\/\/hotelorri.it\/de\/archaeologische-seiten\/\">Arch\u00e4ologische Seiten<\/a><\/h6><div class=\"w-hwrapper usg_hwrapper_1 align_center valign_middle\" style=\"--hwrapper-gap:0.8rem\"><div class=\"w-post-elm post_content usg_post_content_1\"><p>Besuchen Sie arch\u00e4ologische St\u00e4tten, an denen mysteri\u00f6se V\u00f6lker Spuren ihrer Existenz hinterlassen haben<\/p>\n<\/div><\/div><a class=\"w-btn us-btn-style_3 usg_btn_1\" href=\"https:\/\/hotelorri.it\/de\/archaeologische-seiten\/\"><span class=\"w-btn-label\">Du entdeckst<\/span><\/a><\/div><\/div>\t\t<\/div>\r\n\t<\/article>\r\n\t<article class=\"w-grid-item size_1x1 post-1186 post type-post status-publish format-standard has-post-thumbnail hentry category-routen\" data-id=\"1186\">\r\n\t\t<div class=\"w-grid-item-h\">\r\n\t\t\t\t\t\t<div class=\"w-vwrapper usg_vwrapper_1 align_center valign_middle\"><div class=\"w-post-elm post_image usg_post_image_1 has_ratio\"><div style=\"padding-bottom:75.0000%\"><\/div><a href=\"https:\/\/hotelorri.it\/de\/grotte-de-su-marmuri\/\" aria-label=\"Grotte de su Marmuri\"><img width=\"1024\" height=\"684\" src=\"https:\/\/hotelorri.it\/wp-content\/uploads\/2021\/07\/Grotte-de-su-marmuri-2-1024x684.jpg\" class=\"attachment-large size-large wp-post-image\" alt=\"\" loading=\"lazy\" srcset=\"https:\/\/hotelorri.it\/wp-content\/uploads\/2021\/07\/Grotte-de-su-marmuri-2-1024x684.jpg 1024w, https:\/\/hotelorri.it\/wp-content\/uploads\/2021\/07\/Grotte-de-su-marmuri-2-300x201.jpg 300w, https:\/\/hotelorri.it\/wp-content\/uploads\/2021\/07\/Grotte-de-su-marmuri-2-180x120.jpg 180w, https:\/\/hotelorri.it\/wp-content\/uploads\/2021\/07\/Grotte-de-su-marmuri-2-220x147.jpg 220w, https:\/\/hotelorri.it\/wp-content\/uploads\/2021\/07\/Grotte-de-su-marmuri-2-600x401.jpg 600w, https:\/\/hotelorri.it\/wp-content\/uploads\/2021\/07\/Grotte-de-su-marmuri-2.jpg 1200w\" sizes=\"(max-width: 1024px) 100vw, 1024px\" \/><\/a><\/div><div class=\"w-vwrapper usg_vwrapper_2 align_center valign_middle\"><h6 class=\"w-post-elm post_title usg_post_title_1 align_center entry-title color_link_inherit has_text_color\"><a href=\"https:\/\/hotelorri.it\/de\/grotte-de-su-marmuri\/\">Grotte de su Marmuri<\/a><\/h6><div class=\"w-hwrapper usg_hwrapper_1 align_center valign_middle\" style=\"--hwrapper-gap:0.8rem\"><div class=\"w-post-elm post_content usg_post_content_1\"><p>Erkunden Sie einige der eindrucksvollsten Kunstwerke der Natur, die H\u00f6hlen von Su Marmuri<\/p>\n<\/div><\/div><a class=\"w-btn us-btn-style_3 usg_btn_1\" href=\"https:\/\/hotelorri.it\/de\/grotte-de-su-marmuri\/\"><span class=\"w-btn-label\">Du entdeckst<\/span><\/a><\/div><\/div>\t\t<\/div>\r\n\t<\/article>\r\n<\/div><div class=\"w-grid-preloader\"><div class=\"g-preloader type_1\">\r\n\t<div><\/div>\r\n<\/div>\r\n<\/div>\t<div class=\"w-grid-json hidden\" onclick='return {&quot;action&quot;:&quot;us_ajax_grid&quot;,&quot;ajax_url&quot;:&quot;https:\\\/\\\/hotelorri.it\\\/wp-admin\\\/admin-ajax.php&quot;,&quot;infinite_scroll&quot;:0,&quot;max_num_pages&quot;:1,&quot;pagination&quot;:&quot;none&quot;,&quot;permalink_url&quot;:&quot;https:\\\/\\\/hotelorri.it\\\/de\\\/wp-json\\\/wp\\\/v2\\\/pages\\\/1121\\\/&quot;,&quot;template_vars&quot;:{&quot;columns&quot;:&quot;4&quot;,&quot;exclude_items&quot;:&quot;none&quot;,&quot;img_size&quot;:&quot;default&quot;,&quot;ignore_items_size&quot;:false,&quot;items_layout&quot;:&quot;756&quot;,&quot;items_offset&quot;:&quot;1&quot;,&quot;load_animation&quot;:&quot;none&quot;,&quot;overriding_link&quot;:&quot;none&quot;,&quot;post_id&quot;:1121,&quot;query_args&quot;:{&quot;post_type&quot;:[&quot;post&quot;],&quot;tax_query&quot;:[{&quot;taxonomy&quot;:&quot;category&quot;,&quot;field&quot;:&quot;slug&quot;,&quot;terms&quot;:[&quot;routen&quot;]}],&quot;post_status&quot;:[&quot;publish&quot;,&quot;dp-rewrite-republish&quot;],&quot;posts_per_page&quot;:999},&quot;orderby_query_args&quot;:{&quot;orderby&quot;:{&quot;date&quot;:&quot;DESC&quot;}},&quot;type&quot;:&quot;grid&quot;,&quot;us_grid_ajax_index&quot;:1,&quot;us_grid_filter_params&quot;:null,&quot;us_grid_index&quot;:1,&quot;_us_grid_post_type&quot;:&quot;post&quot;,&quot;lang&quot;:&quot;de&quot;}}'><\/div>\r\n\t<\/div><div class=\"ult-spacer spacer-69deb3a93673a\" data-id=\"69deb3a93673a\" data-height=\"40\" data-height-mobile=\"20\" data-height-tab=\"20\" data-height-tab-portrait=\"20\" data-height-mobile-landscape=\"20\" style=\"clear:both;display:block;\"><\/div><\/div><\/div><\/div><\/div><\/div><\/section>\n","protected":false},"excerpt":{"rendered":"Grotte de su Marmuri in Ogliastra, Sardinien Eine faszinierende Spur der Vergangenheit Sie k\u00f6nnen einige der eindrucksvollsten Naturkunstwerke wie die H\u00f6hlen erkunden, eine namens &#8222;Is Zuddas&#8220; in Sadali und die andere &#8222;De Su Marmuri&#8220; im Gebiet von Ulassai. Diese letzte H\u00f6hle gilt dank ihrer L\u00e4nge von Kilometern und einer durchschnittlichen H\u00f6he von 35 Metern als...","protected":false},"author":1,"featured_media":0,"parent":0,"menu_order":0,"comment_status":"closed","ping_status":"closed","template":"","meta":[],"yoast_head":"<!-- This site is optimized with the Yoast SEO plugin v16.5 - https:\/\/yoast.com\/wordpress\/plugins\/seo\/ -->\n<title>Reiserouten in Ogliastra, Ausfl\u00fcge in Sardinien, Was in Tortol\u00ec . zu tun ist<\/title>\n<meta name=\"description\" content=\"Entdecken Sie alle Routen und Ausfl\u00fcge, die wir vorschlagen, um die Gegend von Tortol\u00ec in der Ogliastra kennenzulernen. Das Hotel liegt im Stadtzentrum.\" \/>\n<meta name=\"robots\" content=\"index, follow, max-snippet:-1, max-image-preview:large, max-video-preview:-1\" \/>\n<link rel=\"canonical\" href=\"https:\/\/hotelorri.it\/de\/umgebung\/\" \/>\n<meta property=\"og:locale\" content=\"de_DE\" \/>\n<meta property=\"og:type\" content=\"article\" \/>\n<meta property=\"og:title\" content=\"Hotel in Tortol\u00ec, Hotel in Sardinien, \u00dcbernachtungsm\u00f6glichkeiten in Tortol\u00ec\" \/>\n<meta property=\"og:description\" content=\"Das Hotel befindet sich in Tortol\u00ec auf Sardinien. Ideal zum Schlafen nur einen Steinwurf vom Stadtzentrum entfernt, bequem, um das Meer und die Berge zu erreichen. In Ogliastra.\" \/>\n<meta property=\"og:url\" content=\"https:\/\/hotelorri.it\/de\/umgebung\/\" \/>\n<meta property=\"og:site_name\" content=\"Hotel Orri\" \/>\n<meta property=\"article:modified_time\" content=\"2021-09-13T07:43:27+00:00\" \/>\n<meta name=\"twitter:card\" content=\"summary_large_image\" \/>\n<meta name=\"twitter:title\" content=\"Hotel in Tortol\u00ec, Hotel in Sardinien, \u00dcbernachtungsm\u00f6glichkeiten in Tortol\u00ec\" \/>\n<meta name=\"twitter:description\" content=\"Das Hotel befindet sich in Tortol\u00ec auf Sardinien. Ideal zum Schlafen nur einen Steinwurf vom Stadtzentrum entfernt, bequem, um das Meer und die Berge zu erreichen. In Ogliastra.\" \/>\n<meta name=\"twitter:label1\" content=\"Gesch\u00e4tzte Lesezeit\" \/>\n\t<meta name=\"twitter:data1\" content=\"1\u00a0Minute\" \/>\n<script type=\"application\/ld+json\" class=\"yoast-schema-graph\">{\"@context\":\"https:\/\/schema.org\",\"@graph\":[{\"@type\":\"WebSite\",\"@id\":\"https:\/\/hotelorri.it\/#website\",\"url\":\"https:\/\/hotelorri.it\/\",\"name\":\"Hotel Orri\",\"description\":\"\",\"potentialAction\":[{\"@type\":\"SearchAction\",\"target\":\"https:\/\/hotelorri.it\/?s={search_term_string}\",\"query-input\":\"required name=search_term_string\"}],\"inLanguage\":\"de\"},{\"@type\":\"WebPage\",\"@id\":\"https:\/\/hotelorri.it\/de\/umgebung\/#webpage\",\"url\":\"https:\/\/hotelorri.it\/de\/umgebung\/\",\"name\":\"Reiserouten in Ogliastra, Ausfl\\u00fcge in Sardinien, Was in Tortol\\u00ec . zu tun ist\",\"isPartOf\":{\"@id\":\"https:\/\/hotelorri.it\/#website\"},\"datePublished\":\"2021-09-09T14:49:24+00:00\",\"dateModified\":\"2021-09-13T07:43:27+00:00\",\"description\":\"Entdecken Sie alle Routen und Ausfl\\u00fcge, die wir vorschlagen, um die Gegend von Tortol\\u00ec in der Ogliastra kennenzulernen. Das Hotel liegt im Stadtzentrum.\",\"breadcrumb\":{\"@id\":\"https:\/\/hotelorri.it\/de\/umgebung\/#breadcrumb\"},\"inLanguage\":\"de\",\"potentialAction\":[{\"@type\":\"ReadAction\",\"target\":[\"https:\/\/hotelorri.it\/de\/umgebung\/\"]}]},{\"@type\":\"BreadcrumbList\",\"@id\":\"https:\/\/hotelorri.it\/de\/umgebung\/#breadcrumb\",\"itemListElement\":[{\"@type\":\"ListItem\",\"position\":1,\"name\":\"Home\",\"item\":\"https:\/\/hotelorri.it\/de\/\"},{\"@type\":\"ListItem\",\"position\":2,\"name\":\"Umgebung\"}]}]}<\/script>\n<!-- \/ Yoast SEO plugin. -->","_links":{"self":[{"href":"https:\/\/hotelorri.it\/de\/wp-json\/wp\/v2\/pages\/1121"}],"collection":[{"href":"https:\/\/hotelorri.it\/de\/wp-json\/wp\/v2\/pages"}],"about":[{"href":"https:\/\/hotelorri.it\/de\/wp-json\/wp\/v2\/types\/page"}],"author":[{"embeddable":true,"href":"https:\/\/hotelorri.it\/de\/wp-json\/wp\/v2\/users\/1"}],"replies":[{"embeddable":true,"href":"https:\/\/hotelorri.it\/de\/wp-json\/wp\/v2\/comments?post=1121"}],"version-history":[{"count":4,"href":"https:\/\/hotelorri.it\/de\/wp-json\/wp\/v2\/pages\/1121\/revisions"}],"predecessor-version":[{"id":1414,"href":"https:\/\/hotelorri.it\/de\/wp-json\/wp\/v2\/pages\/1121\/revisions\/1414"}],"wp:attachment":[{"href":"https:\/\/hotelorri.it\/de\/wp-json\/wp\/v2\/media?parent=1121"}],"curies":[{"name":"wp","href":"https:\/\/api.w.org\/{rel}","templated":true}]}}