{"id":1141,"date":"2021-09-09T15:15:11","date_gmt":"2021-09-09T15:15:11","guid":{"rendered":"http:\/\/hotelorri.it\/vierter-stock\/"},"modified":"2021-09-09T15:15:11","modified_gmt":"2021-09-09T15:15:11","slug":"vierter-stock","status":"publish","type":"page","link":"https:\/\/hotelorri.it\/de\/vierter-stock\/","title":{"rendered":"Vierter Stock"},"content":{"rendered":"<section class=\"l-section wpb_row height_huge with_img parallax_ver with_shape\"><div class=\"l-section-img\" style=\"background-image: url(https:\/\/hotelorri.it\/wp-content\/uploads\/2021\/09\/hotel-orri-sardegna-quarto-piano-02.jpg);background-position: top center;background-repeat: no-repeat;\" data-img-width=\"2000\" data-img-height=\"879\"><\/div><div class=\"l-section-shape type_triangle-2 pos_bottom\" style=\"color:var(--color-content-bg);\"><svg xmlns=\"http:\/\/www.w3.org\/2000\/svg\" viewBox=\"0 0 64 8\" preserveAspectRatio=\"none\" width=\"100%\" height=\"100%\">\r\n\t<path fill=\"currentColor\" d=\"M64 8 L0 8 L0 0 L48 7.9 L64 0 Z\"\/>\r\n<\/svg><\/div><div class=\"l-section-h i-cf\"><div class=\"g-cols vc_row type_default valign_top\"><div class=\"vc_col-sm-12 wpb_column vc_column_container\"><div class=\"vc_column-inner\"><div class=\"wpb_wrapper\"><div class=\"ult-spacer spacer-69d3e922d5f1e\" data-id=\"69d3e922d5f1e\" data-height=\"350\" data-height-mobile=\"350\" data-height-tab=\"350\" data-height-tab-portrait=\"\" data-height-mobile-landscape=\"\" style=\"clear:both;display:block;\"><\/div><\/div><\/div><\/div><\/div><\/div><\/section><section class=\"l-section wpb_row height_small\"><div class=\"l-section-h i-cf\"><div class=\"g-cols vc_row type_default valign_top\"><div class=\"vc_col-sm-3 wpb_column vc_column_container\"><div class=\"vc_column-inner\"><div class=\"wpb_wrapper\"><\/div><\/div><\/div><div class=\"vc_col-sm-6 wpb_column vc_column_container\"><div class=\"vc_column-inner\"><div class=\"wpb_wrapper\"><div class=\"ult-spacer spacer-69d3e922d660e\" data-id=\"69d3e922d660e\" data-height=\"50\" data-height-mobile=\"20\" data-height-tab=\"30\" data-height-tab-portrait=\"30\" data-height-mobile-landscape=\"40\" style=\"clear:both;display:block;\"><\/div><div id=\"ultv-84\" class=\"ult-dual-color ult-adjust-bottom-margin ult-dual-color-responsive-none ultv-84  \"><div class=\"ult-module-content ult-dual-color-heading\" style=\"text-align:center;\">\r\n\t\t\t\t\t\t<h1><span class=\"ult-before-heading\">\r\n\t\t\t\t\t\t\t\t\t<span class=\"ult-dual-heading-text ult-first-text ult-responsive\"  data-ultimate-target='.ult-dual-color.ultv-84 .ult-dual-heading-text'  data-responsive-json-new='{\"font-size\":\"\",\"line-height\":\"\"}'  style=\"color:#333333;     border:none; font-weight:normal;\">Vierter<\/span>\r\n\t\t\t\t\t\t\t\t<\/span><span class=\"ult-adv-heading\" style=\"\">\r\n\t\t\t\t\t\t\t\t\t<span class=\"ult-dual-adv-heading-text ult-highlight-text ult-responsive\"  data-ultimate-target='.ult-dual-color.ultv-84 .ult-highlight-text'  data-responsive-json-new='{\"font-size\":\"\",\"line-height\":\"\"}'  style=\"color:#036067;     border:none; font-weight:bold;\">Stock<\/span>\r\n\t\t\t\t\t\t\t\t<\/span><\/h1> <\/div><\/div><div class=\"ult-spacer spacer-69d3e922d678d\" data-id=\"69d3e922d678d\" data-height=\"0\" data-height-mobile=\"35\" data-height-tab=\"30\" data-height-tab-portrait=\"30\" data-height-mobile-landscape=\"35\" style=\"clear:both;display:block;\"><\/div><div class=\"w-separator us_custom_7fb764ae size_small has_text_color with_line width_30 thick_2 style_solid color_secondary align_center with_content\"><div class=\"w-separator-h\"><i class=\"fas fa-sun\"><\/i><\/div><\/div><div class=\"ult-spacer spacer-69d3e922d6de7\" data-id=\"69d3e922d6de7\" data-height=\"\" data-height-mobile=\"25\" data-height-tab=\"\" data-height-tab-portrait=\"\" data-height-mobile-landscape=\"25\" style=\"clear:both;display:block;\"><\/div><div class=\"wpb_text_column\" ><div class=\"wpb_wrapper\"><p style=\"text-align: center;\">Demn\u00e4chst &#8211; Fr\u00fchjahr 2022<\/p>\n<\/div><\/div><div class=\"ult-spacer spacer-69d3e922d7147\" data-id=\"69d3e922d7147\" data-height=\"60\" data-height-mobile=\"\" data-height-tab=\"30\" data-height-tab-portrait=\"30\" data-height-mobile-landscape=\"\" style=\"clear:both;display:block;\"><\/div><\/div><\/div><\/div><div class=\"vc_col-sm-3 wpb_column vc_column_container\"><div class=\"vc_column-inner\"><div class=\"wpb_wrapper\"><\/div><\/div><\/div><\/div><\/div><\/section>\n","protected":false},"excerpt":{"rendered":"Vierter Stock Demn\u00e4chst &#8211; Fr\u00fchjahr 2022","protected":false},"author":1,"featured_media":0,"parent":0,"menu_order":0,"comment_status":"closed","ping_status":"closed","template":"","meta":[],"yoast_head":"<!-- This site is optimized with the Yoast SEO plugin v16.5 - https:\/\/yoast.com\/wordpress\/plugins\/seo\/ -->\n<title>Vierter Stock - Hotel Orri<\/title>\n<meta name=\"robots\" content=\"index, follow, max-snippet:-1, max-image-preview:large, max-video-preview:-1\" \/>\n<link rel=\"canonical\" href=\"https:\/\/hotelorri.it\/de\/vierter-stock\/\" \/>\n<meta property=\"og:locale\" content=\"de_DE\" \/>\n<meta property=\"og:type\" content=\"article\" \/>\n<meta property=\"og:title\" content=\"Hotel in Tortol\u00ec, Hotel in Sardinien, \u00dcbernachtungsm\u00f6glichkeiten in Tortol\" \/>\n<meta property=\"og:description\" content=\"Das Hotel befindet sich in Tortol\u00ec auf Sardinien. Ideal zum Schlafen nur einen Steinwurf vom Stadtzentrum entfernt, bequem, um das Meer und die Berge zu erreichen. In Ogliastra.\" \/>\n<meta property=\"og:url\" content=\"https:\/\/hotelorri.it\/de\/vierter-stock\/\" \/>\n<meta property=\"og:site_name\" content=\"Hotel Orri\" \/>\n<meta name=\"twitter:card\" content=\"summary_large_image\" \/>\n<meta name=\"twitter:title\" content=\"Hotel in Tortol\u00ec, Hotel in Sardinien, \u00dcbernachtungsm\u00f6glichkeiten in Tortol\" \/>\n<meta name=\"twitter:description\" content=\"Das Hotel befindet sich in Tortol\u00ec auf Sardinien. Ideal zum Schlafen nur einen Steinwurf vom Stadtzentrum entfernt, bequem, um das Meer und die Berge zu erreichen. In Ogliastra.\" \/>\n<meta name=\"twitter:label1\" content=\"Gesch\u00e4tzte Lesezeit\" \/>\n\t<meta name=\"twitter:data1\" content=\"1\u00a0Minute\" \/>\n<script type=\"application\/ld+json\" class=\"yoast-schema-graph\">{\"@context\":\"https:\/\/schema.org\",\"@graph\":[{\"@type\":\"WebSite\",\"@id\":\"https:\/\/hotelorri.it\/#website\",\"url\":\"https:\/\/hotelorri.it\/\",\"name\":\"Hotel Orri\",\"description\":\"\",\"potentialAction\":[{\"@type\":\"SearchAction\",\"target\":\"https:\/\/hotelorri.it\/?s={search_term_string}\",\"query-input\":\"required name=search_term_string\"}],\"inLanguage\":\"de\"},{\"@type\":\"WebPage\",\"@id\":\"https:\/\/hotelorri.it\/de\/vierter-stock\/#webpage\",\"url\":\"https:\/\/hotelorri.it\/de\/vierter-stock\/\",\"name\":\"Vierter Stock - Hotel Orri\",\"isPartOf\":{\"@id\":\"https:\/\/hotelorri.it\/#website\"},\"datePublished\":\"2021-09-09T15:15:11+00:00\",\"dateModified\":\"2021-09-09T15:15:11+00:00\",\"breadcrumb\":{\"@id\":\"https:\/\/hotelorri.it\/de\/vierter-stock\/#breadcrumb\"},\"inLanguage\":\"de\",\"potentialAction\":[{\"@type\":\"ReadAction\",\"target\":[\"https:\/\/hotelorri.it\/de\/vierter-stock\/\"]}]},{\"@type\":\"BreadcrumbList\",\"@id\":\"https:\/\/hotelorri.it\/de\/vierter-stock\/#breadcrumb\",\"itemListElement\":[{\"@type\":\"ListItem\",\"position\":1,\"name\":\"Home\",\"item\":\"https:\/\/hotelorri.it\/de\/\"},{\"@type\":\"ListItem\",\"position\":2,\"name\":\"Vierter Stock\"}]}]}<\/script>\n<!-- \/ Yoast SEO plugin. -->","_links":{"self":[{"href":"https:\/\/hotelorri.it\/de\/wp-json\/wp\/v2\/pages\/1141"}],"collection":[{"href":"https:\/\/hotelorri.it\/de\/wp-json\/wp\/v2\/pages"}],"about":[{"href":"https:\/\/hotelorri.it\/de\/wp-json\/wp\/v2\/types\/page"}],"author":[{"embeddable":true,"href":"https:\/\/hotelorri.it\/de\/wp-json\/wp\/v2\/users\/1"}],"replies":[{"embeddable":true,"href":"https:\/\/hotelorri.it\/de\/wp-json\/wp\/v2\/comments?post=1141"}],"version-history":[{"count":2,"href":"https:\/\/hotelorri.it\/de\/wp-json\/wp\/v2\/pages\/1141\/revisions"}],"predecessor-version":[{"id":1143,"href":"https:\/\/hotelorri.it\/de\/wp-json\/wp\/v2\/pages\/1141\/revisions\/1143"}],"wp:attachment":[{"href":"https:\/\/hotelorri.it\/de\/wp-json\/wp\/v2\/media?parent=1141"}],"curies":[{"name":"wp","href":"https:\/\/api.w.org\/{rel}","templated":true}]}}