{"id":879,"date":"2021-09-08T11:51:07","date_gmt":"2021-09-08T11:51:07","guid":{"rendered":"http:\/\/hotelorri.it\/how-to-find-us\/"},"modified":"2021-09-08T12:11:30","modified_gmt":"2021-09-08T12:11:30","slug":"hotel-tortoli-central","status":"publish","type":"page","link":"https:\/\/hotelorri.it\/en\/hotel-tortoli-central\/","title":{"rendered":"How to find us"},"content":{"rendered":"<section class=\"l-section wpb_row height_auto with_img parallax_ver with_shape\"><div class=\"l-section-img\" style=\"background-image: url(https:\/\/hotelorri.it\/wp-content\/uploads\/2021\/06\/hotel-orri-sardegna-tortoli-06.jpg);background-position: bottom center;background-repeat: no-repeat;\" data-img-width=\"1400\" data-img-height=\"933\"><\/div><div class=\"l-section-shape type_triangle-2 pos_bottom\" style=\"color:var(--color-content-bg);\"><svg xmlns=\"http:\/\/www.w3.org\/2000\/svg\" viewBox=\"0 0 64 8\" preserveAspectRatio=\"none\" width=\"100%\" height=\"100%\">\r\n\t<path fill=\"currentColor\" d=\"M64 8 L0 8 L0 0 L48 7.9 L64 0 Z\"\/>\r\n<\/svg><\/div><div class=\"l-section-h i-cf\"><div class=\"g-cols vc_row type_default valign_top\"><div class=\"vc_col-sm-12 wpb_column vc_column_container\"><div class=\"vc_column-inner\"><div class=\"wpb_wrapper\"><div class=\"ult-spacer spacer-69d39ae5daf5f\" data-id=\"69d39ae5daf5f\" data-height=\"350\" data-height-mobile=\"350\" data-height-tab=\"350\" data-height-tab-portrait=\"\" data-height-mobile-landscape=\"\" style=\"clear:both;display:block;\"><\/div><\/div><\/div><\/div><\/div><\/div><\/section><section class=\"l-section wpb_row height_small\"><div class=\"l-section-h i-cf\"><div class=\"g-cols vc_row type_default valign_top\"><div class=\"vc_col-sm-3 wpb_column vc_column_container\"><div class=\"vc_column-inner\"><div class=\"wpb_wrapper\"><\/div><\/div><\/div><div class=\"vc_col-sm-6 wpb_column vc_column_container\"><div class=\"vc_column-inner\"><div class=\"wpb_wrapper\"><div class=\"ult-spacer spacer-69d39ae5db3d2\" data-id=\"69d39ae5db3d2\" data-height=\"50\" data-height-mobile=\"20\" data-height-tab=\"30\" data-height-tab-portrait=\"30\" data-height-mobile-landscape=\"40\" style=\"clear:both;display:block;\"><\/div><div id=\"ultv-1414\" class=\"ult-dual-color ult-adjust-bottom-margin ult-dual-color-responsive-none ultv-1414  \"><div class=\"ult-module-content ult-dual-color-heading\" style=\"text-align:center;\">\r\n\t\t\t\t\t\t<h1><span class=\"ult-before-heading\">\r\n\t\t\t\t\t\t\t\t\t<span class=\"ult-dual-heading-text ult-first-text ult-responsive\"  data-ultimate-target='.ult-dual-color.ultv-1414 .ult-dual-heading-text'  data-responsive-json-new='{\"font-size\":\"\",\"line-height\":\"\"}'  style=\"color:#333333;     border:none; font-weight:normal;\">Where is<\/span>\r\n\t\t\t\t\t\t\t\t<\/span><span class=\"ult-adv-heading\" style=\"\">\r\n\t\t\t\t\t\t\t\t\t<span class=\"ult-dual-adv-heading-text ult-highlight-text ult-responsive\"  data-ultimate-target='.ult-dual-color.ultv-1414 .ult-highlight-text'  data-responsive-json-new='{\"font-size\":\"\",\"line-height\":\"\"}'  style=\"color:#036067;     border:none; font-weight:bold;\">the Hotel Orr\u00ec<\/span>\r\n\t\t\t\t\t\t\t\t<\/span><\/h1> <\/div><\/div><div class=\"ult-spacer spacer-69d39ae5db4c8\" data-id=\"69d39ae5db4c8\" data-height=\"0\" data-height-mobile=\"35\" data-height-tab=\"30\" data-height-tab-portrait=\"30\" data-height-mobile-landscape=\"35\" style=\"clear:both;display:block;\"><\/div><div class=\"w-separator us_custom_7fb764ae size_small has_text_color with_line width_30 thick_2 style_solid color_secondary align_center with_content\"><div class=\"w-separator-h\"><i class=\"fas fa-sun\"><\/i><\/div><\/div><div class=\"ult-spacer spacer-69d39ae5db81a\" data-id=\"69d39ae5db81a\" data-height=\"\" data-height-mobile=\"25\" data-height-tab=\"\" data-height-tab-portrait=\"\" data-height-mobile-landscape=\"25\" style=\"clear:both;display:block;\"><\/div><div class=\"wpb_text_column\" ><div class=\"wpb_wrapper\"><p style=\"text-align: center;\">Find out how to reach the Hotel in the center of Tortol\u00ec, in Sardinia.<\/p>\n<\/div><\/div><div class=\"ult-spacer spacer-69d39ae5dba30\" data-id=\"69d39ae5dba30\" data-height=\"60\" data-height-mobile=\"0\" data-height-tab=\"30\" data-height-tab-portrait=\"30\" data-height-mobile-landscape=\"0\" style=\"clear:both;display:block;\"><\/div><\/div><\/div><\/div><div class=\"vc_col-sm-3 wpb_column vc_column_container\"><div class=\"vc_column-inner\"><div class=\"wpb_wrapper\"><\/div><\/div><\/div><\/div><\/div><\/section><section class=\"l-section wpb_row us_custom_c70c97eb height_auto\"><div class=\"l-section-h i-cf\"><div class=\"g-cols vc_row type_default valign_middle gap-10px\"><style>.g-cols.gap-10px{margin:0 calc(-1.5rem - 10px)}.gap-10px > .vc_column_container {padding:10px}<\/style><div class=\"vc_col-sm-6 wpb_column vc_column_container\"><div class=\"vc_column-inner us_custom_a61e2493\"><div class=\"wpb_wrapper\"><div class=\"w-map provider_osm us_custom_f43d0856 us_map_1\" id=\"us_map_1\"><div class=\"w-map-json\" onclick='return {&quot;address&quot;:&quot;39.9234032,9.6582033&quot;,&quot;markers&quot;:[{&quot;address&quot;:&quot;39.9234032,9.6582033&quot;,&quot;html&quot;:&quot;&lt;h6&gt;Hotel Orr\\u00ec&lt;\\\/h6&gt;\\r\\n&lt;p&gt;Via Monsignor Virgilio n.72&lt;\\\/p&gt;\\r\\n&lt;p&gt;08048 - &lt;b&gt;Tortol\\u00ec, Ogliastra&lt;\\\/b&gt;&quot;,&quot;infowindow&quot;:false}],&quot;zoom&quot;:13,&quot;icon&quot;:{&quot;url&quot;:&quot;https:\\\/\\\/hotelorri.it\\\/wp-content\\\/uploads\\\/2021\\\/07\\\/hotel-orri-sardegna-tortoli-pin-map-1.png&quot;,&quot;size&quot;:[80,80]},&quot;height&quot;:400,&quot;style&quot;:&quot;https:\\\/\\\/{s}.tile.openstreetmap.org\\\/{z}\\\/{x}\\\/{y}.png&quot;,&quot;disableZoom&quot;:true,&quot;disableDragging&quot;:true}'><\/div><\/div><\/div><\/div><\/div><div class=\"vc_col-sm-6 wpb_column vc_column_container\"><div class=\"vc_column-inner\"><div class=\"wpb_wrapper\"><div class=\"ult-spacer spacer-69d39ae5dc44b\" data-id=\"69d39ae5dc44b\" data-height=\"30\" data-height-mobile=\"50\" data-height-tab=\"30\" data-height-tab-portrait=\"30\" data-height-mobile-landscape=\"50\" style=\"clear:both;display:block;\"><\/div><div id=\"ultv-2291\" class=\"ult-dual-color ult-adjust-bottom-margin ult-dual-color-responsive-none ultv-2291  \"><div class=\"ult-module-content ult-dual-color-heading\" style=\"text-align:left;\">\r\n\t\t\t\t\t\t<h3><span class=\"ult-before-heading\">\r\n\t\t\t\t\t\t\t\t\t<span class=\"ult-dual-heading-text ult-first-text ult-responsive\"  data-ultimate-target='.ult-dual-color.ultv-2291 .ult-dual-heading-text'  data-responsive-json-new='{\"font-size\":\"\",\"line-height\":\"\"}'  style=\"color:#333333;     border:none; font-weight:normal;\">Hotel<\/span>\r\n\t\t\t\t\t\t\t\t<\/span><span class=\"ult-adv-heading\" style=\"\">\r\n\t\t\t\t\t\t\t\t\t<span class=\"ult-dual-adv-heading-text ult-highlight-text ult-responsive\"  data-ultimate-target='.ult-dual-color.ultv-2291 .ult-highlight-text'  data-responsive-json-new='{\"font-size\":\"\",\"line-height\":\"\"}'  style=\"color:#036067;     border:none; font-weight:bold;\">Orr\u00ec<\/span>\r\n\t\t\t\t\t\t\t\t<\/span><\/h3> <\/div><\/div><div class=\"ult-spacer spacer-69d39ae5dc506\" data-id=\"69d39ae5dc506\" data-height=\"30\" data-height-mobile=\"30\" data-height-tab=\"30\" data-height-tab-portrait=\"30\" data-height-mobile-landscape=\"30\" style=\"clear:both;display:block;\"><\/div><div class=\"w-iconbox iconpos_left style_default color_primary align_left no_title\"><div class=\"w-iconbox-icon\" style=\"font-size:20px;\"><i class=\"fas fa-map-marker-alt\"><\/i><\/div><div class=\"w-iconbox-meta\"><div class=\"w-iconbox-text\"><p>Via Monsignor Virgilio n.72, | 08048 <strong>Tortol\u00ec Ogliastra<\/strong><\/p>\n<\/div><\/div><\/div><div class=\"ult-spacer spacer-69d39ae5dc62f\" data-id=\"69d39ae5dc62f\" data-height=\"30\" data-height-mobile=\"30\" data-height-tab=\"30\" data-height-tab-portrait=\"30\" data-height-mobile-landscape=\"30\" style=\"clear:both;display:block;\"><\/div><div class=\"w-iconbox iconpos_left style_default color_primary align_left no_title\"><div class=\"w-iconbox-icon\" style=\"font-size:20px;\"><i class=\"fas fa-envelope\"><\/i><\/div><div class=\"w-iconbox-meta\"><div class=\"w-iconbox-text\"><p><a href=\"mailto:info@hotelorri.it\">info@hotelorri.it<\/a><\/p>\n<\/div><\/div><\/div><div class=\"ult-spacer spacer-69d39ae5dc6ca\" data-id=\"69d39ae5dc6ca\" data-height=\"30\" data-height-mobile=\"30\" data-height-tab=\"30\" data-height-tab-portrait=\"30\" data-height-mobile-landscape=\"30\" style=\"clear:both;display:block;\"><\/div><div class=\"w-iconbox iconpos_left style_default color_primary align_left no_title\"><div class=\"w-iconbox-icon\" style=\"font-size:20px;\"><i class=\"fas fa-phone\"><\/i><\/div><div class=\"w-iconbox-meta\"><div class=\"w-iconbox-text\"><p><a href=\"tel:+390782620085\">+39 0782 620085<\/a><\/p>\n<\/div><\/div><\/div><div class=\"ult-spacer spacer-69d39ae5dc74e\" data-id=\"69d39ae5dc74e\" data-height=\"30\" data-height-mobile=\"30\" data-height-tab=\"30\" data-height-tab-portrait=\"30\" data-height-mobile-landscape=\"30\" style=\"clear:both;display:block;\"><\/div><div class=\"wpb_text_column\" ><div class=\"wpb_wrapper\"><h6>Directions<\/h6>\n<\/div><\/div><div class=\"g-cols wpb_row  type_default valign_top vc_inner\"><div class=\"vc_col-sm-6 wpb_column vc_column_container\"><div class=\"vc_column-inner\"><div class=\"wpb_wrapper\"><div class=\"w-iconbox iconpos_left style_default color_primary align_left no_title\"><div class=\"w-iconbox-icon\" style=\"font-size:20px;\"><i class=\"fas fa-plane\"><\/i><\/div><div class=\"w-iconbox-meta\"><div class=\"w-iconbox-text\"><p><a href=\"https:\/\/goo.gl\/maps\/pGK5jzMtBjX1U2716\" target=\"_blank\" rel=\"noopener\">Cagliari airport<\/a><\/p>\n<\/div><\/div><\/div><div class=\"ult-spacer spacer-69d39ae5dcb54\" data-id=\"69d39ae5dcb54\" data-height=\"30\" data-height-mobile=\"30\" data-height-tab=\"30\" data-height-tab-portrait=\"30\" data-height-mobile-landscape=\"30\" style=\"clear:both;display:block;\"><\/div><div class=\"w-iconbox iconpos_left style_default color_primary align_left no_title\"><div class=\"w-iconbox-icon\" style=\"font-size:20px;\"><i class=\"fas fa-plane\"><\/i><\/div><div class=\"w-iconbox-meta\"><div class=\"w-iconbox-text\"><p><a href=\"https:\/\/goo.gl\/maps\/YiATa5zQyptwkWEEA\" target=\"_blank\" rel=\"noopener\">Alghero airport<\/a><\/p>\n<\/div><\/div><\/div><div class=\"ult-spacer spacer-69d39ae5dcbd5\" data-id=\"69d39ae5dcbd5\" data-height=\"30\" data-height-mobile=\"30\" data-height-tab=\"30\" data-height-tab-portrait=\"30\" data-height-mobile-landscape=\"30\" style=\"clear:both;display:block;\"><\/div><div class=\"w-iconbox iconpos_left style_default color_primary align_left no_title\"><div class=\"w-iconbox-icon\" style=\"font-size:20px;\"><i class=\"fas fa-plane\"><\/i><\/div><div class=\"w-iconbox-meta\"><div class=\"w-iconbox-text\"><p><a href=\"https:\/\/goo.gl\/maps\/mcHaqssqyJPn4Usq5\" target=\"_blank\" rel=\"noopener\">Olbia airport<\/a><\/p>\n<\/div><\/div><\/div><\/div><\/div><\/div><div class=\"vc_col-sm-6 wpb_column vc_column_container\"><div class=\"vc_column-inner\"><div class=\"wpb_wrapper\"><div class=\"w-iconbox iconpos_left style_default color_primary align_left no_title\"><div class=\"w-iconbox-icon\" style=\"font-size:20px;\"><i class=\"fas fa-ship\"><\/i><\/div><div class=\"w-iconbox-meta\"><div class=\"w-iconbox-text\"><p><a href=\"https:\/\/goo.gl\/maps\/5n7VjyHnjuna8JvN9\" target=\"_blank\" rel=\"noopener\">Porto Torres<\/a><\/p>\n<\/div><\/div><\/div><div class=\"ult-spacer spacer-69d39ae5dcd1b\" data-id=\"69d39ae5dcd1b\" data-height=\"30\" data-height-mobile=\"30\" data-height-tab=\"30\" data-height-tab-portrait=\"30\" data-height-mobile-landscape=\"30\" style=\"clear:both;display:block;\"><\/div><div class=\"w-iconbox iconpos_left style_default color_primary align_left no_title\"><div class=\"w-iconbox-icon\" style=\"font-size:20px;\"><i class=\"fas fa-ship\"><\/i><\/div><div class=\"w-iconbox-meta\"><div class=\"w-iconbox-text\"><p><a href=\"https:\/\/goo.gl\/maps\/dMfYsAe4cMrr2nKZA\" target=\"_blank\" rel=\"noopener\">Olbia port<\/a><\/p>\n<\/div><\/div><\/div><\/div><\/div><\/div><\/div><div class=\"ult-spacer spacer-69d39ae5dcd8e\" data-id=\"69d39ae5dcd8e\" data-height=\"30\" data-height-mobile=\"30\" data-height-tab=\"30\" data-height-tab-portrait=\"30\" data-height-mobile-landscape=\"30\" style=\"clear:both;display:block;\"><\/div><\/div><\/div><\/div><\/div><\/div><\/section><!-- Row Backgrounds --><div class=\"upb_color\" data-bg-override=\"0\" data-bg-color=\"\" data-fadeout=\"\" data-fadeout-percentage=\"30\" data-parallax-content=\"\" data-parallax-content-sense=\"30\" data-row-effect-mobile-disable=\"true\" data-img-parallax-mobile-disable=\"true\" data-rtl=\"false\"  data-custom-vc-row=\"\"  data-vc=\"6.6.0\"  data-is_old_vc=\"\"  data-theme-support=\"\"   data-overlay=\"false\" data-overlay-color=\"\" data-overlay-pattern=\"\" data-overlay-pattern-opacity=\"\" data-overlay-pattern-size=\"\"    ><\/div><section class=\"l-section wpb_row height_small with_img parallax_ver\"><div class=\"l-section-img\" style=\"background-image: url(https:\/\/hotelorri.it\/wp-content\/uploads\/2021\/07\/hotel-orri-sardegna-tortoli-dove-siamo.jpeg);background-repeat: no-repeat;\" data-img-width=\"1990\" data-img-height=\"1050\"><\/div><div class=\"l-section-h i-cf\"><div class=\"g-cols vc_row type_default valign_top\"><div class=\"vc_col-sm-12 wpb_column vc_column_container\"><div class=\"vc_column-inner\"><div class=\"wpb_wrapper\"><div class=\"ult-spacer spacer-69d39ae5dd39e\" data-id=\"69d39ae5dd39e\" data-height=\"250\" data-height-mobile=\"250\" data-height-tab=\"250\" data-height-tab-portrait=\"\" data-height-mobile-landscape=\"\" style=\"clear:both;display:block;\"><\/div><\/div><\/div><\/div><\/div><\/div><\/section>\n","protected":false},"excerpt":{"rendered":"Where is the Hotel Orr\u00ec Find out how to reach the Hotel in the center of Tortol\u00ec, in Sardinia. Hotel Orr\u00ec Via Monsignor Virgilio n.72, | 08048 Tortol\u00ec Ogliastra info@hotelorri.it +39 0782 620085 Directions Cagliari airport Alghero airport Olbia airport Porto Torres Olbia port","protected":false},"author":1,"featured_media":0,"parent":0,"menu_order":0,"comment_status":"closed","ping_status":"closed","template":"","meta":[],"yoast_head":"<!-- This site is optimized with the Yoast SEO plugin v16.5 - https:\/\/yoast.com\/wordpress\/plugins\/seo\/ -->\n<title>Hotel in the centre of Tortol\u00ec, Hotel in Sardinia, Holidays in Ogliastra<\/title>\n<meta name=\"description\" content=\"Find out how to reach the Hotel in the centre of Tortol\u00ec, in Ogliastra. Ideal to spend your holidays in Sardinia, between the beach and the mountains.\" \/>\n<meta name=\"robots\" content=\"index, follow, max-snippet:-1, max-image-preview:large, max-video-preview:-1\" \/>\n<link rel=\"canonical\" href=\"https:\/\/hotelorri.it\/en\/hotel-tortoli-central\/\" \/>\n<meta property=\"og:locale\" content=\"en_US\" \/>\n<meta property=\"og:type\" content=\"article\" \/>\n<meta property=\"og:title\" content=\"Hotel in Tortol\u00ec, Hotel in Sardinia, Where to sleep in Tortol\u00ec\" \/>\n<meta property=\"og:description\" content=\"The Hotel is located in Tortol\u00ec, in Sardinia. Ideal for sleeping a stone&#039;s throw from the city center, convenient for reaching the sea and the mountains. In Ogliastra.\" \/>\n<meta property=\"og:url\" content=\"https:\/\/hotelorri.it\/en\/hotel-tortoli-central\/\" \/>\n<meta property=\"og:site_name\" content=\"Hotel Orri\" \/>\n<meta property=\"article:modified_time\" content=\"2021-09-08T12:11:30+00:00\" \/>\n<meta name=\"twitter:card\" content=\"summary_large_image\" \/>\n<meta name=\"twitter:title\" content=\"Hotel in Tortol\u00ec, Hotel in Sardinia, Where to sleep in Tortol\u00ec\" \/>\n<meta name=\"twitter:description\" content=\"The Hotel is located in Tortol\u00ec, in Sardinia. Ideal for sleeping a stone&#039;s throw from the city center, convenient for reaching the sea and the mountains. In Ogliastra.\" \/>\n<meta name=\"twitter:label1\" content=\"Est. reading time\" \/>\n\t<meta name=\"twitter:data1\" content=\"4 minutes\" \/>\n<script type=\"application\/ld+json\" class=\"yoast-schema-graph\">{\"@context\":\"https:\/\/schema.org\",\"@graph\":[{\"@type\":\"WebSite\",\"@id\":\"https:\/\/hotelorri.it\/#website\",\"url\":\"https:\/\/hotelorri.it\/\",\"name\":\"Hotel Orri\",\"description\":\"\",\"potentialAction\":[{\"@type\":\"SearchAction\",\"target\":\"https:\/\/hotelorri.it\/?s={search_term_string}\",\"query-input\":\"required name=search_term_string\"}],\"inLanguage\":\"en-US\"},{\"@type\":\"WebPage\",\"@id\":\"https:\/\/hotelorri.it\/en\/hotel-tortoli-central\/#webpage\",\"url\":\"https:\/\/hotelorri.it\/en\/hotel-tortoli-central\/\",\"name\":\"Hotel in the centre of Tortol\\u00ec, Hotel in Sardinia, Holidays in Ogliastra\",\"isPartOf\":{\"@id\":\"https:\/\/hotelorri.it\/#website\"},\"datePublished\":\"2021-09-08T11:51:07+00:00\",\"dateModified\":\"2021-09-08T12:11:30+00:00\",\"description\":\"Find out how to reach the Hotel in the centre of Tortol\\u00ec, in Ogliastra. Ideal to spend your holidays in Sardinia, between the beach and the mountains.\",\"breadcrumb\":{\"@id\":\"https:\/\/hotelorri.it\/en\/hotel-tortoli-central\/#breadcrumb\"},\"inLanguage\":\"en-US\",\"potentialAction\":[{\"@type\":\"ReadAction\",\"target\":[\"https:\/\/hotelorri.it\/en\/hotel-tortoli-central\/\"]}]},{\"@type\":\"BreadcrumbList\",\"@id\":\"https:\/\/hotelorri.it\/en\/hotel-tortoli-central\/#breadcrumb\",\"itemListElement\":[{\"@type\":\"ListItem\",\"position\":1,\"name\":\"Home\",\"item\":\"https:\/\/hotelorri.it\/en\/\"},{\"@type\":\"ListItem\",\"position\":2,\"name\":\"How to find us\"}]}]}<\/script>\n<!-- \/ Yoast SEO plugin. -->","_links":{"self":[{"href":"https:\/\/hotelorri.it\/en\/wp-json\/wp\/v2\/pages\/879"}],"collection":[{"href":"https:\/\/hotelorri.it\/en\/wp-json\/wp\/v2\/pages"}],"about":[{"href":"https:\/\/hotelorri.it\/en\/wp-json\/wp\/v2\/types\/page"}],"author":[{"embeddable":true,"href":"https:\/\/hotelorri.it\/en\/wp-json\/wp\/v2\/users\/1"}],"replies":[{"embeddable":true,"href":"https:\/\/hotelorri.it\/en\/wp-json\/wp\/v2\/comments?post=879"}],"version-history":[{"count":2,"href":"https:\/\/hotelorri.it\/en\/wp-json\/wp\/v2\/pages\/879\/revisions"}],"predecessor-version":[{"id":881,"href":"https:\/\/hotelorri.it\/en\/wp-json\/wp\/v2\/pages\/879\/revisions\/881"}],"wp:attachment":[{"href":"https:\/\/hotelorri.it\/en\/wp-json\/wp\/v2\/media?parent=879"}],"curies":[{"name":"wp","href":"https:\/\/api.w.org\/{rel}","templated":true}]}}